{"id":73,"date":"2023-11-12T21:19:42","date_gmt":"2023-11-12T20:19:42","guid":{"rendered":"https:\/\/wp.stkpk.sk\/?page_id=73"},"modified":"2025-09-12T07:52:07","modified_gmt":"2025-09-12T05:52:07","slug":"kontakt","status":"publish","type":"page","link":"https:\/\/stkpk.sk\/?page_id=73","title":{"rendered":"Kontakt"},"content":{"rendered":"\n<div class=\"is-layout-flex wp-container-3 wp-block-columns\">\n<div class=\"is-layout-flow wp-block-column\" style=\"flex-basis:60%\">\n<p style=\"font-size:18px\"><strong>Stolnotenisov\u00fd klub Z\u0160 Na bielenisku Pezinok<\/strong><\/p>\n\n\n\n<p class=\"has-text-color has-small-font-size\" style=\"color:#b9b9b9\"><em>Na bielenisku 2,<br>902 01 Pezinok<\/em><\/p>\n\n\n\n<p>Vedenie klubu<\/p>\n\n\n\n<figure class=\"wp-block-table is-style-stripes\"><table class=\"has-fixed-layout\"><tbody><tr><td>Juraj Bella<\/td><td>predseda<\/td><td>0911 584 129\u202c<\/td><\/tr><\/tbody><\/table><\/figure>\n\n\n\n<p>Tr\u00e9neri<\/p>\n\n\n\n<figure class=\"wp-block-table is-style-stripes\"><table class=\"has-fixed-layout\"><tbody><tr><td>Juraj Bella<\/td><td>hl. tr\u00e9ner<\/td><td>\u202d0911 584 129\u202c<\/td><\/tr><tr><td>Lenka Nagyov\u00e1<\/td><td>pr\u00edpravka<\/td><td><\/td><\/tr><\/tbody><\/table><\/figure>\n<\/div>\n\n\n\n<div class=\"is-layout-flow wp-block-column\" style=\"flex-basis:50%\">\n<iframe src=\"https:\/\/www.google.com\/maps\/embed?pb=!1m18!1m12!1m3!1d2654.409121538749!2d17.26309033227648!3d48.294982440189784!2m3!1f0!2f0!3f0!3m2!1i1024!2i768!4f13.1!3m3!1m2!1s0x476c90cebfc34be3%3A0x68e42754a76dd7a2!2zWsOha2xhZG7DoSDFoWtvbGEgTmEgYmllbGVuaXNrdQ!5e0!3m2!1ssk!2ssk!4v1699893490846!5m2!1ssk!2ssk\" width=\"600\" height=\"450\" style=\"border:0;\" allowfullscreen=\"\" loading=\"lazy\" referrerpolicy=\"no-referrer-when-downgrade\"><\/iframe>\n<\/div>\n<\/div>\n","protected":false},"excerpt":{"rendered":"<p>Stolnotenisov\u00fd klub Z\u0160 Na bielenisku Pezinok Na bielenisku 2,902 01 Pezinok Vedenie klubu Juraj Bella predseda 0911 584 129\u202c Tr\u00e9neri Juraj Bella hl. tr\u00e9ner \u202d0911 584 129\u202c Lenka Nagyov\u00e1 pr\u00edpravka<\/p>\n","protected":false},"author":1,"featured_media":0,"parent":0,"menu_order":0,"comment_status":"closed","ping_status":"closed","template":"","meta":{"_mi_skip_tracking":false},"yoast_head":"<!-- This site is optimized with the Yoast SEO plugin v20.7 - https:\/\/yoast.com\/wordpress\/plugins\/seo\/ -->\n<title>Kontakt - STK PEZINOK<\/title>\n<meta name=\"robots\" content=\"index, follow, max-snippet:-1, max-image-preview:large, max-video-preview:-1\" \/>\n<link rel=\"canonical\" href=\"https:\/\/stkpk.sk\/?page_id=73\" \/>\n<meta property=\"og:locale\" content=\"sk_SK\" \/>\n<meta property=\"og:type\" content=\"article\" \/>\n<meta property=\"og:title\" content=\"Kontakt - STK PEZINOK\" \/>\n<meta property=\"og:description\" content=\"Stolnotenisov\u00fd klub Z\u0160 Na bielenisku Pezinok Na bielenisku 2,902 01 Pezinok Vedenie klubu Juraj Bella predseda 0911 584 129\u202c Tr\u00e9neri Juraj Bella hl. tr\u00e9ner \u202d0911 584 129\u202c Lenka Nagyov\u00e1 pr\u00edpravka\" \/>\n<meta property=\"og:url\" content=\"https:\/\/stkpk.sk\/?page_id=73\" \/>\n<meta property=\"og:site_name\" content=\"STK PEZINOK\" \/>\n<meta property=\"article:modified_time\" content=\"2025-09-12T05:52:07+00:00\" \/>\n<meta name=\"twitter:card\" content=\"summary_large_image\" \/>\n<meta name=\"twitter:label1\" content=\"Predpokladan\u00fd \u010das \u010d\u00edtania\" \/>\n\t<meta name=\"twitter:data1\" content=\"1 min\u00fata\" \/>\n<script type=\"application\/ld+json\" class=\"yoast-schema-graph\">{\"@context\":\"https:\/\/schema.org\",\"@graph\":[{\"@type\":\"WebPage\",\"@id\":\"https:\/\/stkpk.sk\/?page_id=73\",\"url\":\"https:\/\/stkpk.sk\/?page_id=73\",\"name\":\"Kontakt - STK PEZINOK\",\"isPartOf\":{\"@id\":\"https:\/\/stkpk.sk\/#website\"},\"datePublished\":\"2023-11-12T20:19:42+00:00\",\"dateModified\":\"2025-09-12T05:52:07+00:00\",\"breadcrumb\":{\"@id\":\"https:\/\/stkpk.sk\/?page_id=73#breadcrumb\"},\"inLanguage\":\"sk-SK\",\"potentialAction\":[{\"@type\":\"ReadAction\",\"target\":[\"https:\/\/stkpk.sk\/?page_id=73\"]}]},{\"@type\":\"BreadcrumbList\",\"@id\":\"https:\/\/stkpk.sk\/?page_id=73#breadcrumb\",\"itemListElement\":[{\"@type\":\"ListItem\",\"position\":1,\"name\":\"Home\",\"item\":\"https:\/\/stkpk.sk\/\"},{\"@type\":\"ListItem\",\"position\":2,\"name\":\"Kontakt\"}]},{\"@type\":\"WebSite\",\"@id\":\"https:\/\/stkpk.sk\/#website\",\"url\":\"https:\/\/stkpk.sk\/\",\"name\":\"STK PEZINOK\",\"description\":\"Stolnotenisov\u00fd klub z\u00e1kladnej \u0161koly Na bielenisku Pezinok\",\"potentialAction\":[{\"@type\":\"SearchAction\",\"target\":{\"@type\":\"EntryPoint\",\"urlTemplate\":\"https:\/\/stkpk.sk\/?s={search_term_string}\"},\"query-input\":\"required name=search_term_string\"}],\"inLanguage\":\"sk-SK\"}]}<\/script>\n<!-- \/ Yoast SEO plugin. -->","yoast_head_json":{"title":"Kontakt - STK PEZINOK","robots":{"index":"index","follow":"follow","max-snippet":"max-snippet:-1","max-image-preview":"max-image-preview:large","max-video-preview":"max-video-preview:-1"},"canonical":"https:\/\/stkpk.sk\/?page_id=73","og_locale":"sk_SK","og_type":"article","og_title":"Kontakt - STK PEZINOK","og_description":"Stolnotenisov\u00fd klub Z\u0160 Na bielenisku Pezinok Na bielenisku 2,902 01 Pezinok Vedenie klubu Juraj Bella predseda 0911 584 129\u202c Tr\u00e9neri Juraj Bella hl. tr\u00e9ner \u202d0911 584 129\u202c Lenka Nagyov\u00e1 pr\u00edpravka","og_url":"https:\/\/stkpk.sk\/?page_id=73","og_site_name":"STK PEZINOK","article_modified_time":"2025-09-12T05:52:07+00:00","twitter_card":"summary_large_image","twitter_misc":{"Predpokladan\u00fd \u010das \u010d\u00edtania":"1 min\u00fata"},"schema":{"@context":"https:\/\/schema.org","@graph":[{"@type":"WebPage","@id":"https:\/\/stkpk.sk\/?page_id=73","url":"https:\/\/stkpk.sk\/?page_id=73","name":"Kontakt - STK PEZINOK","isPartOf":{"@id":"https:\/\/stkpk.sk\/#website"},"datePublished":"2023-11-12T20:19:42+00:00","dateModified":"2025-09-12T05:52:07+00:00","breadcrumb":{"@id":"https:\/\/stkpk.sk\/?page_id=73#breadcrumb"},"inLanguage":"sk-SK","potentialAction":[{"@type":"ReadAction","target":["https:\/\/stkpk.sk\/?page_id=73"]}]},{"@type":"BreadcrumbList","@id":"https:\/\/stkpk.sk\/?page_id=73#breadcrumb","itemListElement":[{"@type":"ListItem","position":1,"name":"Home","item":"https:\/\/stkpk.sk\/"},{"@type":"ListItem","position":2,"name":"Kontakt"}]},{"@type":"WebSite","@id":"https:\/\/stkpk.sk\/#website","url":"https:\/\/stkpk.sk\/","name":"STK PEZINOK","description":"Stolnotenisov\u00fd klub z\u00e1kladnej \u0161koly Na bielenisku Pezinok","potentialAction":[{"@type":"SearchAction","target":{"@type":"EntryPoint","urlTemplate":"https:\/\/stkpk.sk\/?s={search_term_string}"},"query-input":"required name=search_term_string"}],"inLanguage":"sk-SK"}]}},"_links":{"self":[{"href":"https:\/\/stkpk.sk\/index.php?rest_route=\/wp\/v2\/pages\/73"}],"collection":[{"href":"https:\/\/stkpk.sk\/index.php?rest_route=\/wp\/v2\/pages"}],"about":[{"href":"https:\/\/stkpk.sk\/index.php?rest_route=\/wp\/v2\/types\/page"}],"author":[{"embeddable":true,"href":"https:\/\/stkpk.sk\/index.php?rest_route=\/wp\/v2\/users\/1"}],"replies":[{"embeddable":true,"href":"https:\/\/stkpk.sk\/index.php?rest_route=%2Fwp%2Fv2%2Fcomments&post=73"}],"version-history":[{"count":5,"href":"https:\/\/stkpk.sk\/index.php?rest_route=\/wp\/v2\/pages\/73\/revisions"}],"predecessor-version":[{"id":175,"href":"https:\/\/stkpk.sk\/index.php?rest_route=\/wp\/v2\/pages\/73\/revisions\/175"}],"wp:attachment":[{"href":"https:\/\/stkpk.sk\/index.php?rest_route=%2Fwp%2Fv2%2Fmedia&parent=73"}],"curies":[{"name":"wp","href":"https:\/\/api.w.org\/{rel}","templated":true}]}}