{"id":27,"date":"2023-11-12T18:51:30","date_gmt":"2023-11-12T17:51:30","guid":{"rendered":"https:\/\/wp.stkpk.sk\/?page_id=27"},"modified":"2024-07-03T21:38:53","modified_gmt":"2024-07-03T19:38:53","slug":"clankova-stranka","status":"publish","type":"page","link":"https:\/\/stkpk.sk\/?page_id=27","title":{"rendered":"Inform\u00e1cie o dian\u00ed v klube"},"content":{"rendered":"\n<div class=\"is-layout-flex wp-container-5 wp-block-columns\">\n<div class=\"is-layout-flow wp-block-column\">\n<div class=\"is-layout-constrained wp-block-group\"><div class=\"wp-block-group__inner-container\">\n<div class=\"is-layout-constrained wp-block-group\"><div class=\"wp-block-group__inner-container\"><ul class=\"wp-block-latest-posts__list aligncenter wp-block-latest-posts has-medium-font-size\"><li><a class=\"wp-block-latest-posts__post-title\" href=\"https:\/\/stkpk.sk\/?p=151\">Letn\u00e1 pr\u00edprava 2024<\/a><div class=\"wp-block-latest-posts__post-excerpt\">V Pezinku sa 1.7 po dvojt\u00fd\u017ed\u0148ovom oddychu od stoln\u00e9ho tenisu za\u010dala u\u017e tradi\u010dn\u00e1 letn\u00e1 pr\u00edprava ml\u00e1de\u017ee na nast\u00e1vaj\u00facu sez\u00f3nu. Ako vidno od prv\u00e9ho d\u0148a sa [&hellip;]<\/div><\/li>\n<li><a class=\"wp-block-latest-posts__post-title\" href=\"https:\/\/stkpk.sk\/?p=66\">Nov\u00fd vzh\u013ead stkpk.sk<\/a><div class=\"wp-block-latest-posts__post-excerpt\">D\u0148a 3.7.2024 sme zverejnili nov\u00fd web klubu, kde bud\u00fa dostupn\u00e9 v\u017edy najnov\u0161ie inform\u00e1cie o dian\u00ed v klube.<\/div><\/li>\n<\/ul><\/div><\/div>\n<\/div><\/div>\n<\/div>\n<\/div>\n","protected":false},"excerpt":{"rendered":"","protected":false},"author":1,"featured_media":0,"parent":0,"menu_order":0,"comment_status":"closed","ping_status":"closed","template":"","meta":{"_mi_skip_tracking":false},"yoast_head":"<!-- This site is optimized with the Yoast SEO plugin v20.7 - https:\/\/yoast.com\/wordpress\/plugins\/seo\/ -->\n<title>Inform\u00e1cie o dian\u00ed v klube - STK PEZINOK<\/title>\n<meta name=\"robots\" content=\"index, follow, max-snippet:-1, max-image-preview:large, max-video-preview:-1\" \/>\n<link rel=\"canonical\" href=\"https:\/\/stkpk.sk\/?page_id=27\" \/>\n<meta property=\"og:locale\" content=\"sk_SK\" \/>\n<meta property=\"og:type\" content=\"article\" \/>\n<meta property=\"og:title\" content=\"Inform\u00e1cie o dian\u00ed v klube - STK PEZINOK\" \/>\n<meta property=\"og:url\" content=\"https:\/\/stkpk.sk\/?page_id=27\" \/>\n<meta property=\"og:site_name\" content=\"STK PEZINOK\" \/>\n<meta property=\"article:modified_time\" content=\"2024-07-03T19:38:53+00:00\" \/>\n<meta name=\"twitter:card\" content=\"summary_large_image\" \/>\n<script type=\"application\/ld+json\" class=\"yoast-schema-graph\">{\"@context\":\"https:\/\/schema.org\",\"@graph\":[{\"@type\":\"WebPage\",\"@id\":\"https:\/\/stkpk.sk\/?page_id=27\",\"url\":\"https:\/\/stkpk.sk\/?page_id=27\",\"name\":\"Inform\u00e1cie o dian\u00ed v klube - STK PEZINOK\",\"isPartOf\":{\"@id\":\"https:\/\/stkpk.sk\/#website\"},\"datePublished\":\"2023-11-12T17:51:30+00:00\",\"dateModified\":\"2024-07-03T19:38:53+00:00\",\"breadcrumb\":{\"@id\":\"https:\/\/stkpk.sk\/?page_id=27#breadcrumb\"},\"inLanguage\":\"sk-SK\",\"potentialAction\":[{\"@type\":\"ReadAction\",\"target\":[\"https:\/\/stkpk.sk\/?page_id=27\"]}]},{\"@type\":\"BreadcrumbList\",\"@id\":\"https:\/\/stkpk.sk\/?page_id=27#breadcrumb\",\"itemListElement\":[{\"@type\":\"ListItem\",\"position\":1,\"name\":\"Home\",\"item\":\"https:\/\/stkpk.sk\/\"},{\"@type\":\"ListItem\",\"position\":2,\"name\":\"Inform\u00e1cie o dian\u00ed v klube\"}]},{\"@type\":\"WebSite\",\"@id\":\"https:\/\/stkpk.sk\/#website\",\"url\":\"https:\/\/stkpk.sk\/\",\"name\":\"STK PEZINOK\",\"description\":\"Stolnotenisov\u00fd klub z\u00e1kladnej \u0161koly Na bielenisku Pezinok\",\"potentialAction\":[{\"@type\":\"SearchAction\",\"target\":{\"@type\":\"EntryPoint\",\"urlTemplate\":\"https:\/\/stkpk.sk\/?s={search_term_string}\"},\"query-input\":\"required name=search_term_string\"}],\"inLanguage\":\"sk-SK\"}]}<\/script>\n<!-- \/ Yoast SEO plugin. -->","yoast_head_json":{"title":"Inform\u00e1cie o dian\u00ed v klube - STK PEZINOK","robots":{"index":"index","follow":"follow","max-snippet":"max-snippet:-1","max-image-preview":"max-image-preview:large","max-video-preview":"max-video-preview:-1"},"canonical":"https:\/\/stkpk.sk\/?page_id=27","og_locale":"sk_SK","og_type":"article","og_title":"Inform\u00e1cie o dian\u00ed v klube - STK PEZINOK","og_url":"https:\/\/stkpk.sk\/?page_id=27","og_site_name":"STK PEZINOK","article_modified_time":"2024-07-03T19:38:53+00:00","twitter_card":"summary_large_image","schema":{"@context":"https:\/\/schema.org","@graph":[{"@type":"WebPage","@id":"https:\/\/stkpk.sk\/?page_id=27","url":"https:\/\/stkpk.sk\/?page_id=27","name":"Inform\u00e1cie o dian\u00ed v klube - STK PEZINOK","isPartOf":{"@id":"https:\/\/stkpk.sk\/#website"},"datePublished":"2023-11-12T17:51:30+00:00","dateModified":"2024-07-03T19:38:53+00:00","breadcrumb":{"@id":"https:\/\/stkpk.sk\/?page_id=27#breadcrumb"},"inLanguage":"sk-SK","potentialAction":[{"@type":"ReadAction","target":["https:\/\/stkpk.sk\/?page_id=27"]}]},{"@type":"BreadcrumbList","@id":"https:\/\/stkpk.sk\/?page_id=27#breadcrumb","itemListElement":[{"@type":"ListItem","position":1,"name":"Home","item":"https:\/\/stkpk.sk\/"},{"@type":"ListItem","position":2,"name":"Inform\u00e1cie o dian\u00ed v klube"}]},{"@type":"WebSite","@id":"https:\/\/stkpk.sk\/#website","url":"https:\/\/stkpk.sk\/","name":"STK PEZINOK","description":"Stolnotenisov\u00fd klub z\u00e1kladnej \u0161koly Na bielenisku Pezinok","potentialAction":[{"@type":"SearchAction","target":{"@type":"EntryPoint","urlTemplate":"https:\/\/stkpk.sk\/?s={search_term_string}"},"query-input":"required name=search_term_string"}],"inLanguage":"sk-SK"}]}},"_links":{"self":[{"href":"https:\/\/stkpk.sk\/index.php?rest_route=\/wp\/v2\/pages\/27"}],"collection":[{"href":"https:\/\/stkpk.sk\/index.php?rest_route=\/wp\/v2\/pages"}],"about":[{"href":"https:\/\/stkpk.sk\/index.php?rest_route=\/wp\/v2\/types\/page"}],"author":[{"embeddable":true,"href":"https:\/\/stkpk.sk\/index.php?rest_route=\/wp\/v2\/users\/1"}],"replies":[{"embeddable":true,"href":"https:\/\/stkpk.sk\/index.php?rest_route=%2Fwp%2Fv2%2Fcomments&post=27"}],"version-history":[{"count":5,"href":"https:\/\/stkpk.sk\/index.php?rest_route=\/wp\/v2\/pages\/27\/revisions"}],"predecessor-version":[{"id":167,"href":"https:\/\/stkpk.sk\/index.php?rest_route=\/wp\/v2\/pages\/27\/revisions\/167"}],"wp:attachment":[{"href":"https:\/\/stkpk.sk\/index.php?rest_route=%2Fwp%2Fv2%2Fmedia&parent=27"}],"curies":[{"name":"wp","href":"https:\/\/api.w.org\/{rel}","templated":true}]}}